{"id":2452,"date":"2025-06-05T22:45:58","date_gmt":"2025-06-05T20:45:58","guid":{"rendered":"https:\/\/dev.horize.de\/dsk\/?page_id=2452"},"modified":"2025-07-03T13:05:06","modified_gmt":"2025-07-03T11:05:06","slug":"impressum","status":"publish","type":"page","link":"https:\/\/dev.horize.de\/dsk\/impressum\/","title":{"rendered":"Impressum"},"content":{"rendered":"<p>[et_pb_section fb_built=&#8220;1&#8243; _builder_version=&#8220;4.23.3&#8243; _module_preset=&#8220;default&#8220; global_colors_info=&#8220;{}&#8220;][et_pb_row _builder_version=&#8220;4.23.3&#8243; _module_preset=&#8220;default&#8220; custom_margin=&#8220;50px||||false|false&#8220; global_colors_info=&#8220;{}&#8220;][et_pb_column type=&#8220;4_4&#8243; _builder_version=&#8220;4.23.3&#8243; _module_preset=&#8220;default&#8220; global_colors_info=&#8220;{}&#8220;][et_pb_blurb title=&#8220;Pflichtangaben&#8220; admin_label=&#8220;Pflichtangaben&#8220; _builder_version=&#8220;4.23.3&#8243; _module_preset=&#8220;default&#8220; hover_enabled=&#8220;0&#8243; global_colors_info=&#8220;{}&#8220; sticky_enabled=&#8220;0&#8243;]<\/p>\n<p>Dienstleistungen &amp; Schreinerei Kappus<br \/>Thomas Kappus<br \/>Herrenstra\u00dfe 19<br \/>DE-77955 Ettenheim<br \/>Tel: 07822 7894125<br \/>USt-ID : DE296335996<\/p>\n<p>[\/et_pb_blurb][et_pb_blurb title=&#8220;Online-Streitbeilegung&#8220; admin_label=&#8220;Online-Streitbeilegung&#8220; _builder_version=&#8220;4.23.3&#8243; _module_preset=&#8220;default&#8220; global_colors_info=&#8220;{}&#8220;]<\/p>\n<p>Die Europ\u00e4ische Kommission stellt eine Plattform zur Online-Streitbeilegung (OS) bereit: <a class=\"text-blue-600 underline\" href=\"https:\/\/ec.europa.eu\/consumers\/odr\" target=\"_blank\" rel=\"noopener\">https:\/\/ec.europa.eu\/consumers\/odr<\/a>. Unsere E-Mail-Adresse finden Sie oben.<\/p>\n<p class=\"mt-2\">Wir sind nicht verpflichtet und nicht bereit, an Streitbeilegungsverfahren vor einer Verbraucherschlichtungsstelle teilzunehmen.<\/p>\n<p>[\/et_pb_blurb][et_pb_blurb title=&#8220;Haftungshinweis&#8220; admin_label=&#8220;Haftungshinweis&#8220; _builder_version=&#8220;4.23.3&#8243; _module_preset=&#8220;default&#8220; global_colors_info=&#8220;{}&#8220;]<\/p>\n<p>Als Diensteanbieter sind wir gem\u00e4\u00df \u00a7 7 Abs.1 TMG f\u00fcr eigene Inhalte auf diesen Seiten nach den allgemeinen Gesetzen verantwortlich. Nach \u00a7\u00a7 8 bis 10 TMG sind wir als Diensteanbieter jedoch nicht verpflichtet, \u00fcbermittelte oder gespeicherte fremde Informationen zu \u00fcberwachen oder nach Umst\u00e4nden zu forschen, die auf eine rechtswidrige T\u00e4tigkeit hinweisen.<\/p>\n<p class=\"mt-2\">Verpflichtungen zur Entfernung oder Sperrung der Nutzung von Informationen nach den allgemeinen Gesetzen bleiben hiervon unber\u00fchrt. Eine diesbez\u00fcgliche Haftung ist jedoch erst ab dem Zeitpunkt der Kenntnis einer konkreten Rechtsverletzung m\u00f6glich. Bei Bekanntwerden von entsprechenden Rechtsverletzungen werden wir diese Inhalte umgehend entfernen.<\/p>\n<p>[\/et_pb_blurb][et_pb_blurb title=&#8220;Urheberrecht&#8220; admin_label=&#8220;Urheberrecht&#8220; _builder_version=&#8220;4.23.3&#8243; _module_preset=&#8220;default&#8220; global_colors_info=&#8220;{}&#8220;]<\/p>\n<p>Die durch die Seitenbetreiber erstellten Inhalte und Werke auf diesen Seiten unterliegen dem deutschen Urheberrecht. Die Vervielf\u00e4ltigung, Bearbeitung, Verbreitung und jede Art der Verwertung au\u00dferhalb der Grenzen des Urheberrechtes bed\u00fcrfen der schriftlichen Zustimmung des jeweiligen Autors bzw. Erstellers. Downloads und Kopien dieser Seite sind nur f\u00fcr den privaten, nicht kommerziellen Gebrauch gestattet.<\/p>\n<p class=\"mt-2\">Soweit die Inhalte auf dieser Seite nicht vom Betreiber erstellt wurden, werden die Urheberrechte Dritter beachtet. Insbesondere werden Inhalte Dritter als solche gekennzeichnet. Sollten Sie trotzdem auf eine Urheberrechtsverletzung aufmerksam werden, bitten wir um einen entsprechenden Hinweis. Bei Bekanntwerden von Rechtsverletzungen werden wir derartige Inhalte umgehend entfernen.<\/p>\n<p>[\/et_pb_blurb][et_pb_blurb title=&#8220;Haftung f\u00fcr Links&#8220; admin_label=&#8220;Haftung f\u00fcr Links&#8220; _builder_version=&#8220;4.23.3&#8243; _module_preset=&#8220;default&#8220; global_colors_info=&#8220;{}&#8220;]<\/p>\n<p>Unser Angebot enth\u00e4lt Links zu externen Websites Dritter, auf deren Inhalte wir keinen Einfluss haben. Deshalb k\u00f6nnen wir f\u00fcr diese fremden Inhalte auch keine Gew\u00e4hr \u00fcbernehmen. F\u00fcr die Inhalte der verlinkten Seiten ist stets der jeweilige Anbieter oder Betreiber der Seiten verantwortlich. Die verlinkten Seiten wurden zum Zeitpunkt der Verlinkung auf m\u00f6gliche Rechtsverst\u00f6\u00dfe \u00fcberpr\u00fcft. Rechtswidrige Inhalte waren zum Zeitpunkt der Verlinkung nicht erkennbar.<\/p>\n<p class=\"mt-2\">Eine permanente inhaltliche Kontrolle der verlinkten Seiten ist jedoch ohne konkrete Anhaltspunkte einer Rechtsverletzung nicht zumutbar. Bei Bekanntwerden von Rechtsverletzungen werden wir derartige Links und Inhalte umgehend entfernen.<\/p>\n<p>[\/et_pb_blurb][\/et_pb_column][\/et_pb_row][\/et_pb_section]<\/p>\n","protected":false},"excerpt":{"rendered":"<p>Dienstleistungen &amp; Schreinerei KappusThomas KappusHerrenstra\u00dfe 19DE-77955 EttenheimTel: 07822 7894125USt-ID : DE296335996Die Europ\u00e4ische Kommission stellt eine Plattform zur Online-Streitbeilegung (OS) bereit: https:\/\/ec.europa.eu\/consumers\/odr. Unsere E-Mail-Adresse finden Sie oben. Wir sind nicht verpflichtet und nicht bereit, an Streitbeilegungsverfahren vor einer Verbraucherschlichtungsstelle teilzunehmen.Als Diensteanbieter sind wir gem\u00e4\u00df \u00a7 7 Abs.1 TMG f\u00fcr eigene Inhalte auf diesen Seiten nach den [&hellip;]<\/p>\n","protected":false},"author":1,"featured_media":0,"parent":0,"menu_order":0,"comment_status":"closed","ping_status":"closed","template":"","meta":{"_et_pb_use_builder":"on","_et_pb_old_content":"","_et_gb_content_width":"","footnotes":""},"class_list":["post-2452","page","type-page","status-publish","hentry"],"yoast_head":"<!-- This site is optimized with the Yoast SEO plugin v25.4 - https:\/\/yoast.com\/wordpress\/plugins\/seo\/ -->\n<title>Impressum - DSKappus<\/title>\n<meta name=\"description\" content=\"Rechtliche Angaben zur Schreinerei Kappus aus Ettenheim. Hier findest du Ansprechpartner, Kontaktdaten und gesetzliche Informationen im \u00dcberblick.\" \/>\n<meta name=\"robots\" content=\"index, follow, max-snippet:-1, max-image-preview:large, max-video-preview:-1\" \/>\n<link rel=\"canonical\" href=\"https:\/\/dev.horize.de\/dsk\/impressum\/\" \/>\n<meta property=\"og:locale\" content=\"de_DE\" \/>\n<meta property=\"og:type\" content=\"article\" \/>\n<meta property=\"og:title\" content=\"Impressum - DSKappus\" \/>\n<meta property=\"og:description\" content=\"Rechtliche Angaben zur Schreinerei Kappus aus Ettenheim. Hier findest du Ansprechpartner, Kontaktdaten und gesetzliche Informationen im \u00dcberblick.\" \/>\n<meta property=\"og:url\" content=\"https:\/\/dev.horize.de\/dsk\/impressum\/\" \/>\n<meta property=\"og:site_name\" content=\"DSKappus\" \/>\n<meta property=\"article:modified_time\" content=\"2025-07-03T11:05:06+00:00\" \/>\n<meta name=\"twitter:card\" content=\"summary_large_image\" \/>\n<meta name=\"twitter:label1\" content=\"Gesch\u00e4tzte Lesezeit\" \/>\n\t<meta name=\"twitter:data1\" content=\"2\u00a0Minuten\" \/>\n<script type=\"application\/ld+json\" class=\"yoast-schema-graph\">{\"@context\":\"https:\/\/schema.org\",\"@graph\":[{\"@type\":\"WebPage\",\"@id\":\"https:\/\/dev.horize.de\/dsk\/impressum\/\",\"url\":\"https:\/\/dev.horize.de\/dsk\/impressum\/\",\"name\":\"Impressum - DSKappus\",\"isPartOf\":{\"@id\":\"https:\/\/dev.horize.de\/dsk\/#website\"},\"datePublished\":\"2025-06-05T20:45:58+00:00\",\"dateModified\":\"2025-07-03T11:05:06+00:00\",\"description\":\"Rechtliche Angaben zur Schreinerei Kappus aus Ettenheim. Hier findest du Ansprechpartner, Kontaktdaten und gesetzliche Informationen im \u00dcberblick.\",\"breadcrumb\":{\"@id\":\"https:\/\/dev.horize.de\/dsk\/impressum\/#breadcrumb\"},\"inLanguage\":\"de\",\"potentialAction\":[{\"@type\":\"ReadAction\",\"target\":[\"https:\/\/dev.horize.de\/dsk\/impressum\/\"]}]},{\"@type\":\"BreadcrumbList\",\"@id\":\"https:\/\/dev.horize.de\/dsk\/impressum\/#breadcrumb\",\"itemListElement\":[{\"@type\":\"ListItem\",\"position\":1,\"name\":\"Startseite\",\"item\":\"https:\/\/dev.horize.de\/dsk\/\"},{\"@type\":\"ListItem\",\"position\":2,\"name\":\"Impressum\"}]},{\"@type\":\"WebSite\",\"@id\":\"https:\/\/dev.horize.de\/dsk\/#website\",\"url\":\"https:\/\/dev.horize.de\/dsk\/\",\"name\":\"DSKappus\",\"description\":\"\",\"publisher\":{\"@id\":\"https:\/\/dev.horize.de\/dsk\/#organization\"},\"potentialAction\":[{\"@type\":\"SearchAction\",\"target\":{\"@type\":\"EntryPoint\",\"urlTemplate\":\"https:\/\/dev.horize.de\/dsk\/?s={search_term_string}\"},\"query-input\":{\"@type\":\"PropertyValueSpecification\",\"valueRequired\":true,\"valueName\":\"search_term_string\"}}],\"inLanguage\":\"de\"},{\"@type\":\"Organization\",\"@id\":\"https:\/\/dev.horize.de\/dsk\/#organization\",\"name\":\"Dienstleistungen & Schreinerei Kappus\",\"url\":\"https:\/\/dev.horize.de\/dsk\/\",\"logo\":{\"@type\":\"ImageObject\",\"inLanguage\":\"de\",\"@id\":\"https:\/\/dev.horize.de\/dsk\/#\/schema\/logo\/image\/\",\"url\":\"https:\/\/dev.horize.de\/dsk\/wp-content\/uploads\/sites\/2\/2025\/03\/THOMAS-KAPPUS-SCHREINEREI-LOGO-NEU_farbig-1.png\",\"contentUrl\":\"https:\/\/dev.horize.de\/dsk\/wp-content\/uploads\/sites\/2\/2025\/03\/THOMAS-KAPPUS-SCHREINEREI-LOGO-NEU_farbig-1.png\",\"width\":2514,\"height\":1809,\"caption\":\"Dienstleistungen & Schreinerei Kappus\"},\"image\":{\"@id\":\"https:\/\/dev.horize.de\/dsk\/#\/schema\/logo\/image\/\"},\"sameAs\":[\"https:\/\/www.instagram.com\/tkappus_schreinerei\/\"]}]}<\/script>\n<!-- \/ Yoast SEO plugin. -->","yoast_head_json":{"title":"Impressum - DSKappus","description":"Rechtliche Angaben zur Schreinerei Kappus aus Ettenheim. Hier findest du Ansprechpartner, Kontaktdaten und gesetzliche Informationen im \u00dcberblick.","robots":{"index":"index","follow":"follow","max-snippet":"max-snippet:-1","max-image-preview":"max-image-preview:large","max-video-preview":"max-video-preview:-1"},"canonical":"https:\/\/dev.horize.de\/dsk\/impressum\/","og_locale":"de_DE","og_type":"article","og_title":"Impressum - DSKappus","og_description":"Rechtliche Angaben zur Schreinerei Kappus aus Ettenheim. Hier findest du Ansprechpartner, Kontaktdaten und gesetzliche Informationen im \u00dcberblick.","og_url":"https:\/\/dev.horize.de\/dsk\/impressum\/","og_site_name":"DSKappus","article_modified_time":"2025-07-03T11:05:06+00:00","twitter_card":"summary_large_image","twitter_misc":{"Gesch\u00e4tzte Lesezeit":"2\u00a0Minuten"},"schema":{"@context":"https:\/\/schema.org","@graph":[{"@type":"WebPage","@id":"https:\/\/dev.horize.de\/dsk\/impressum\/","url":"https:\/\/dev.horize.de\/dsk\/impressum\/","name":"Impressum - DSKappus","isPartOf":{"@id":"https:\/\/dev.horize.de\/dsk\/#website"},"datePublished":"2025-06-05T20:45:58+00:00","dateModified":"2025-07-03T11:05:06+00:00","description":"Rechtliche Angaben zur Schreinerei Kappus aus Ettenheim. Hier findest du Ansprechpartner, Kontaktdaten und gesetzliche Informationen im \u00dcberblick.","breadcrumb":{"@id":"https:\/\/dev.horize.de\/dsk\/impressum\/#breadcrumb"},"inLanguage":"de","potentialAction":[{"@type":"ReadAction","target":["https:\/\/dev.horize.de\/dsk\/impressum\/"]}]},{"@type":"BreadcrumbList","@id":"https:\/\/dev.horize.de\/dsk\/impressum\/#breadcrumb","itemListElement":[{"@type":"ListItem","position":1,"name":"Startseite","item":"https:\/\/dev.horize.de\/dsk\/"},{"@type":"ListItem","position":2,"name":"Impressum"}]},{"@type":"WebSite","@id":"https:\/\/dev.horize.de\/dsk\/#website","url":"https:\/\/dev.horize.de\/dsk\/","name":"DSKappus","description":"","publisher":{"@id":"https:\/\/dev.horize.de\/dsk\/#organization"},"potentialAction":[{"@type":"SearchAction","target":{"@type":"EntryPoint","urlTemplate":"https:\/\/dev.horize.de\/dsk\/?s={search_term_string}"},"query-input":{"@type":"PropertyValueSpecification","valueRequired":true,"valueName":"search_term_string"}}],"inLanguage":"de"},{"@type":"Organization","@id":"https:\/\/dev.horize.de\/dsk\/#organization","name":"Dienstleistungen & Schreinerei Kappus","url":"https:\/\/dev.horize.de\/dsk\/","logo":{"@type":"ImageObject","inLanguage":"de","@id":"https:\/\/dev.horize.de\/dsk\/#\/schema\/logo\/image\/","url":"https:\/\/dev.horize.de\/dsk\/wp-content\/uploads\/sites\/2\/2025\/03\/THOMAS-KAPPUS-SCHREINEREI-LOGO-NEU_farbig-1.png","contentUrl":"https:\/\/dev.horize.de\/dsk\/wp-content\/uploads\/sites\/2\/2025\/03\/THOMAS-KAPPUS-SCHREINEREI-LOGO-NEU_farbig-1.png","width":2514,"height":1809,"caption":"Dienstleistungen & Schreinerei Kappus"},"image":{"@id":"https:\/\/dev.horize.de\/dsk\/#\/schema\/logo\/image\/"},"sameAs":["https:\/\/www.instagram.com\/tkappus_schreinerei\/"]}]}},"_links":{"self":[{"href":"https:\/\/dev.horize.de\/dsk\/wp-json\/wp\/v2\/pages\/2452","targetHints":{"allow":["GET"]}}],"collection":[{"href":"https:\/\/dev.horize.de\/dsk\/wp-json\/wp\/v2\/pages"}],"about":[{"href":"https:\/\/dev.horize.de\/dsk\/wp-json\/wp\/v2\/types\/page"}],"author":[{"embeddable":true,"href":"https:\/\/dev.horize.de\/dsk\/wp-json\/wp\/v2\/users\/1"}],"replies":[{"embeddable":true,"href":"https:\/\/dev.horize.de\/dsk\/wp-json\/wp\/v2\/comments?post=2452"}],"version-history":[{"count":6,"href":"https:\/\/dev.horize.de\/dsk\/wp-json\/wp\/v2\/pages\/2452\/revisions"}],"predecessor-version":[{"id":2551,"href":"https:\/\/dev.horize.de\/dsk\/wp-json\/wp\/v2\/pages\/2452\/revisions\/2551"}],"wp:attachment":[{"href":"https:\/\/dev.horize.de\/dsk\/wp-json\/wp\/v2\/media?parent=2452"}],"curies":[{"name":"wp","href":"https:\/\/api.w.org\/{rel}","templated":true}]}}