{"id":16,"date":"2025-03-14T21:51:58","date_gmt":"2025-03-14T20:51:58","guid":{"rendered":"https:\/\/dev.horize.de\/dsk\/?page_id=16"},"modified":"2025-07-02T20:32:03","modified_gmt":"2025-07-02T18:32:03","slug":"kontakt-schreinerei-kappus-ettenheim-fenster-tueren-innenausbau","status":"publish","type":"page","link":"https:\/\/dev.horize.de\/dsk\/kontakt-schreinerei-kappus-ettenheim-fenster-tueren-innenausbau\/","title":{"rendered":"Kontakt"},"content":{"rendered":"<p>[et_pb_section fb_built=&#8220;1&#8243; admin_label=&#8220;About Hero Area&#8220; _builder_version=&#8220;4.17.4&#8243; _module_preset=&#8220;default&#8220; custom_padding=&#8220;0px||0px||true|false&#8220; locked=&#8220;off&#8220; global_colors_info=&#8220;{}&#8220;][et_pb_row use_custom_gutter=&#8220;on&#8220; gutter_width=&#8220;1&#8243; make_equal=&#8220;on&#8220; _builder_version=&#8220;4.17.4&#8243; _module_preset=&#8220;_initial&#8220; width=&#8220;100%&#8220; max_width=&#8220;100%&#8220; custom_padding=&#8220;0px||0px||true|false&#8220; hover_transition_duration=&#8220;0ms&#8220; global_colors_info=&#8220;{}&#8220;][et_pb_column type=&#8220;4_4&#8243; _builder_version=&#8220;4.17.4&#8243; _module_preset=&#8220;default&#8220; global_colors_info=&#8220;{}&#8220;][et_pb_image alt=&#8220;Wohnraum mit Holzboden, Esstisch, Holzschrank mit Fernseher und Fenster mit Holzrahmen \u2013 ma\u00dfgefertigter Innenausbau von der Schreinerei Kappus aus Ettenheim&#8220; title_text=&#8220;Ma\u00dfgefertigter Innenausbau mit Holzboden, Tisch, Schrank und Holzfenster \u2013 Schreinerei Kappus Ettenheim&#8220; _builder_version=&#8220;4.23.3&#8243; _module_preset=&#8220;default&#8220; background_enable_color=&#8220;off&#8220; background_image=&#8220;https:\/\/dev.horize.de\/dsk\/wp-content\/uploads\/sites\/2\/2025\/05\/schreinerei-kappus-innenausbau-holzboden-fenster-ettenheim.jpg&#8220; width=&#8220;100%&#8220; max_width=&#8220;100%&#8220; custom_css_before=&#8220;position: absolute;||content:%22%22;|| width: 100%;|| height: 100%;|| top: 0;|| left: 0;|||| || transition: all .65s ease;&#8220; custom_css_main_element=&#8220;min-height:40vh;||&#8220; global_colors_info=&#8220;{}&#8220; custom_css_main_element_last_edited=&#8220;on|phone&#8220; custom_css_main_element_tablet=&#8220;min-height:35vh;&#8220; custom_css_main_element_phone=&#8220;min-height:35vh;&#8220;][\/et_pb_image][\/et_pb_column][\/et_pb_row][\/et_pb_section][et_pb_section fb_built=&#8220;1&#8243; custom_padding_last_edited=&#8220;on|tablet&#8220; _builder_version=&#8220;4.23.3&#8243; _module_preset=&#8220;default&#8220; background_color=&#8220;#000000&#8243; custom_padding=&#8220;60px||60px||true|false&#8220; custom_padding_tablet=&#8220;40px||40px||false|false&#8220; custom_padding_phone=&#8220;40px||40px||true|false&#8220; locked=&#8220;off&#8220; collapsed=&#8220;off&#8220; global_colors_info=&#8220;{}&#8220;][et_pb_row custom_padding_last_edited=&#8220;on|phone&#8220; _builder_version=&#8220;4.23.3&#8243; _module_preset=&#8220;_initial&#8220; width=&#8220;100%&#8220; max_width=&#8220;1685px&#8220; custom_padding=&#8220;0px|100px|0px|100px|true|false&#8220; custom_padding_tablet=&#8220;|25px||25px|true|false&#8220; custom_padding_phone=&#8220;|25px||25px|true|false&#8220; hover_transition_duration=&#8220;0ms&#8220; global_colors_info=&#8220;{}&#8220;][et_pb_column type=&#8220;4_4&#8243; _builder_version=&#8220;4.23.3&#8243; _module_preset=&#8220;default&#8220; global_colors_info=&#8220;{}&#8220;][et_pb_blurb title=&#8220;Kontaktiere uns&#8220; url=&#8220;#contact-form&#8220; content_max_width=&#8220;100%&#8220; admin_label=&#8220;Informationstext&#8220; module_id=&#8220;contact-form&#8220; _builder_version=&#8220;4.23.3&#8243; _module_preset=&#8220;default&#8220; header_level=&#8220;h1&#8243; header_font=&#8220;Acumin-BDPRO||||||||&#8220; header_text_color=&#8220;#FFFFFF&#8220; header_font_size=&#8220;3.13rem&#8220; header_line_height=&#8220;130%&#8220; body_font=&#8220;Acumin-RPRO||||||||&#8220; body_text_color=&#8220;#c3c3c3&#8243; body_font_size=&#8220;1rem&#8220; body_line_height=&#8220;160%&#8220; link_option_url=&#8220;#contact-form&#8220; hover_enabled=&#8220;0&#8243; header_font_size_tablet=&#8220;2.63rem&#8220; header_font_size_phone=&#8220;2.13rem&#8220; header_font_size_last_edited=&#8220;on|phone&#8220; global_colors_info=&#8220;{}&#8220; sticky_enabled=&#8220;0&#8243;]<\/p>\n<p>Senden Sie uns Ihre Fragen oder Anliegen einfach \u00fcber unser Kontaktformular \u2013 wir helfen Ihnen schnell und kompetent weiter.<\/p>\n<p>[\/et_pb_blurb][\/et_pb_column][\/et_pb_row][\/et_pb_section][et_pb_section fb_built=&#8220;1&#8243; custom_padding_last_edited=&#8220;on|phone&#8220; admin_label=&#8220;Contact Area&#8220; _builder_version=&#8220;4.23.3&#8243; _module_preset=&#8220;default&#8220; custom_margin_tablet=&#8220;&#8220; custom_margin_phone=&#8220;|||3%|false|false&#8220; custom_margin_last_edited=&#8220;on|phone&#8220; custom_padding=&#8220;80px||0px||false|false&#8220; custom_padding_tablet=&#8220;80px||80px||true|false&#8220; custom_padding_phone=&#8220;40px||0px||false|false&#8220; global_colors_info=&#8220;{}&#8220;][et_pb_row use_custom_gutter=&#8220;on&#8220; gutter_width=&#8220;2&#8243; custom_padding_last_edited=&#8220;on|desktop&#8220; _builder_version=&#8220;4.23.3&#8243; _module_preset=&#8220;_initial&#8220; width=&#8220;100%&#8220; max_width=&#8220;1255px&#8220; custom_margin=&#8220;||||true|false&#8220; custom_padding=&#8220;0px|100px|0px|100px|true|false&#8220; custom_padding_tablet=&#8220;|25px||25px|true|false&#8220; custom_padding_phone=&#8220;0px|25px|0px|25px|true|false&#8220; hover_transition_duration=&#8220;0ms&#8220; custom_css_free_form=&#8220;||&#8220; global_colors_info=&#8220;{}&#8220;][et_pb_column type=&#8220;4_4&#8243; _builder_version=&#8220;4.23.3&#8243; _module_preset=&#8220;default&#8220; global_colors_info=&#8220;{}&#8220;][et_pb_blurb title=&#8220;Kontaktformular&#8220; _builder_version=&#8220;4.23.3&#8243; _module_preset=&#8220;default&#8220; header_level=&#8220;h2&#8243; header_font=&#8220;Acumin-BDPRO|700|||||||&#8220; header_text_align=&#8220;center&#8220; header_font_size=&#8220;2.5rem&#8220; text_orientation=&#8220;center&#8220; custom_margin=&#8220;||||false|false&#8220; custom_padding=&#8220;||40px||false|false&#8220; header_font_size_tablet=&#8220;2rem&#8220; header_font_size_phone=&#8220;1.5rem&#8220; header_font_size_last_edited=&#8220;on|desktop&#8220; border_color_bottom=&#8220;#c1c1c1&#8243; global_colors_info=&#8220;{}&#8220;][\/et_pb_blurb][et_pb_contact_form captcha=&#8220;off&#8220; email=&#8220;info@horize.de&#8220; custom_message=&#8220;Neue Nachricht \u00fcber das Kontaktformular.||et_pb_line_break_holder||||et_pb_line_break_holder||Name: %%name%%||et_pb_line_break_holder||E-Mail-Adresse: %%email%%||et_pb_line_break_holder||||et_pb_line_break_holder||Betreff: %%betreff%%||et_pb_line_break_holder||Nachricht: %%nachricht%%||et_pb_line_break_holder||||et_pb_line_break_holder||||et_pb_line_break_holder||&#8220; success_message=&#8220;Vielen Dank! Ihre Nachricht wurde erfolgreich versendet. Wir melden uns so schnell wie m\u00f6glich bei Ihnen.&#8220; submit_button_text=&#8220;Absenden&#8220; admin_label=&#8220;Kontaktformular&#8220; module_class=&#8220;contact-box&#8220; _builder_version=&#8220;4.23.3&#8243; _module_preset=&#8220;default&#8220; _unique_id=&#8220;1cc3631f-dd5d-4594-9f7f-01a91805fdfa&#8220; form_field_background_color=&#8220;#FFFFFF&#8220; form_field_text_color=&#8220;#808080&#8243; form_field_focus_background_color=&#8220;RGBA(255,255,255,0)&#8220; form_field_focus_text_color=&#8220;#000000&#8243; form_field_custom_margin=&#8220;||42px||false|false&#8220; form_field_custom_padding=&#8220;||24px||false|false&#8220; title_font=&#8220;Acumin-RPRO||||||||&#8220; form_field_font=&#8220;Red Hat Display|500|||||||&#8220; form_field_font_size=&#8220;1rem&#8220; form_field_line_height=&#8220;160%&#8220; custom_button=&#8220;on&#8220; button_text_size=&#8220;1rem&#8220; button_text_color=&#8220;#808080&#8243; button_border_width=&#8220;1px&#8220; button_border_color=&#8220;#dddddd&#8220; button_border_radius=&#8220;10px&#8220; button_font=&#8220;Acumin-RPRO||||||||&#8220; button_use_icon=&#8220;off&#8220; button_custom_margin=&#8220;|||0px|false|false&#8220; button_custom_margin_tablet=&#8220;|||0px|false|false&#8220; button_custom_margin_phone=&#8220;|||10px|false|false&#8220; button_custom_margin_last_edited=&#8220;on|phone&#8220; button_custom_padding=&#8220;10px|30px|10px|30px|true|true&#8220; custom_margin=&#8220;||||false|false&#8220; custom_padding=&#8220;||||false|false&#8220; hover_transition_duration=&#8220;500ms&#8220; hover_transition_delay=&#8220;50ms&#8220; button_border_radius_tablet=&#8220;10px&#8220; button_border_radius_phone=&#8220;10px&#8220; button_border_radius_last_edited=&#8220;on|desktop&#8220; custom_css_main_element=&#8220;display: flex;||    justify-content: center;|| margin-left : 0% !important;&#8220; border_width_bottom=&#8220;1px&#8220; border_color_bottom=&#8220;#dddddd&#8220; global_colors_info=&#8220;{}&#8220; button_text_color__hover_enabled=&#8220;on|hover&#8220; button_text_color__hover=&#8220;#FFFFFF&#8220; button_bg_color__hover_enabled=&#8220;on|desktop&#8220; button_bg_color__hover=&#8220;#000000&#8243; button_bg_enable_color__hover=&#8220;on&#8220; button_border_color__hover_enabled=&#8220;on|hover&#8220; button_border_color__hover=&#8220;#000000&#8243;][et_pb_contact_field field_id=&#8220;name&#8220; field_title=&#8220;Name&#8220; fullwidth_field=&#8220;on&#8220; _builder_version=&#8220;4.23.3&#8243; _module_preset=&#8220;default&#8220; custom_margin=&#8220;||24px||false|false&#8220; custom_padding=&#8220;|||0px|false|false&#8220; global_colors_info=&#8220;{}&#8220; button_text_size__hover_enabled=&#8220;off&#8220; button_one_text_size__hover_enabled=&#8220;off&#8220; button_two_text_size__hover_enabled=&#8220;off&#8220; button_text_color__hover_enabled=&#8220;off&#8220; button_one_text_color__hover_enabled=&#8220;off&#8220; button_two_text_color__hover_enabled=&#8220;off&#8220; button_border_width__hover_enabled=&#8220;off&#8220; button_one_border_width__hover_enabled=&#8220;off&#8220; button_two_border_width__hover_enabled=&#8220;off&#8220; button_border_color__hover_enabled=&#8220;off&#8220; button_one_border_color__hover_enabled=&#8220;off&#8220; button_two_border_color__hover_enabled=&#8220;off&#8220; button_border_radius__hover_enabled=&#8220;off&#8220; button_one_border_radius__hover_enabled=&#8220;off&#8220; button_two_border_radius__hover_enabled=&#8220;off&#8220; button_letter_spacing__hover_enabled=&#8220;off&#8220; button_one_letter_spacing__hover_enabled=&#8220;off&#8220; button_two_letter_spacing__hover_enabled=&#8220;off&#8220; button_bg_color__hover_enabled=&#8220;off&#8220; button_one_bg_color__hover_enabled=&#8220;off&#8220; button_two_bg_color__hover_enabled=&#8220;off&#8220;][\/et_pb_contact_field][et_pb_contact_field field_id=&#8220;email&#8220; field_title=&#8220;E-Mail-Adresse&#8220; field_type=&#8220;email&#8220; fullwidth_field=&#8220;on&#8220; _builder_version=&#8220;4.23.3&#8243; _module_preset=&#8220;default&#8220; custom_margin=&#8220;||24px||false|false&#8220; custom_padding=&#8220;|||0px|false|false&#8220; global_colors_info=&#8220;{}&#8220; button_text_size__hover_enabled=&#8220;off&#8220; button_one_text_size__hover_enabled=&#8220;off&#8220; button_two_text_size__hover_enabled=&#8220;off&#8220; button_text_color__hover_enabled=&#8220;off&#8220; button_one_text_color__hover_enabled=&#8220;off&#8220; button_two_text_color__hover_enabled=&#8220;off&#8220; button_border_width__hover_enabled=&#8220;off&#8220; button_one_border_width__hover_enabled=&#8220;off&#8220; button_two_border_width__hover_enabled=&#8220;off&#8220; button_border_color__hover_enabled=&#8220;off&#8220; button_one_border_color__hover_enabled=&#8220;off&#8220; button_two_border_color__hover_enabled=&#8220;off&#8220; button_border_radius__hover_enabled=&#8220;off&#8220; button_one_border_radius__hover_enabled=&#8220;off&#8220; button_two_border_radius__hover_enabled=&#8220;off&#8220; button_letter_spacing__hover_enabled=&#8220;off&#8220; button_one_letter_spacing__hover_enabled=&#8220;off&#8220; button_two_letter_spacing__hover_enabled=&#8220;off&#8220; button_bg_color__hover_enabled=&#8220;off&#8220; button_one_bg_color__hover_enabled=&#8220;off&#8220; button_two_bg_color__hover_enabled=&#8220;off&#8220;][\/et_pb_contact_field][et_pb_contact_field field_id=&#8220;betreff&#8220; field_title=&#8220;Betreff&#8220; fullwidth_field=&#8220;on&#8220; _builder_version=&#8220;4.23.3&#8243; _module_preset=&#8220;default&#8220; custom_margin=&#8220;||24px||false|false&#8220; custom_padding=&#8220;|||0px|false|false&#8220; global_colors_info=&#8220;{}&#8220; button_text_size__hover_enabled=&#8220;off&#8220; button_one_text_size__hover_enabled=&#8220;off&#8220; button_two_text_size__hover_enabled=&#8220;off&#8220; button_text_color__hover_enabled=&#8220;off&#8220; button_one_text_color__hover_enabled=&#8220;off&#8220; button_two_text_color__hover_enabled=&#8220;off&#8220; button_border_width__hover_enabled=&#8220;off&#8220; button_one_border_width__hover_enabled=&#8220;off&#8220; button_two_border_width__hover_enabled=&#8220;off&#8220; button_border_color__hover_enabled=&#8220;off&#8220; button_one_border_color__hover_enabled=&#8220;off&#8220; button_two_border_color__hover_enabled=&#8220;off&#8220; button_border_radius__hover_enabled=&#8220;off&#8220; button_one_border_radius__hover_enabled=&#8220;off&#8220; button_two_border_radius__hover_enabled=&#8220;off&#8220; button_letter_spacing__hover_enabled=&#8220;off&#8220; button_one_letter_spacing__hover_enabled=&#8220;off&#8220; button_two_letter_spacing__hover_enabled=&#8220;off&#8220; button_bg_color__hover_enabled=&#8220;off&#8220; button_one_bg_color__hover_enabled=&#8220;off&#8220; button_two_bg_color__hover_enabled=&#8220;off&#8220;][\/et_pb_contact_field][et_pb_contact_field field_id=&#8220;nachricht&#8220; field_title=&#8220;Nachricht&#8220; field_type=&#8220;text&#8220; fullwidth_field=&#8220;on&#8220; _builder_version=&#8220;4.23.3&#8243; _module_preset=&#8220;default&#8220; custom_margin=&#8220;||||false|false&#8220; custom_padding=&#8220;|||0px|false|false&#8220; global_colors_info=&#8220;{}&#8220; button_text_size__hover_enabled=&#8220;off&#8220; button_one_text_size__hover_enabled=&#8220;off&#8220; button_two_text_size__hover_enabled=&#8220;off&#8220; button_text_color__hover_enabled=&#8220;off&#8220; button_one_text_color__hover_enabled=&#8220;off&#8220; button_two_text_color__hover_enabled=&#8220;off&#8220; button_border_width__hover_enabled=&#8220;off&#8220; button_one_border_width__hover_enabled=&#8220;off&#8220; button_two_border_width__hover_enabled=&#8220;off&#8220; button_border_color__hover_enabled=&#8220;off&#8220; button_one_border_color__hover_enabled=&#8220;off&#8220; button_two_border_color__hover_enabled=&#8220;off&#8220; button_border_radius__hover_enabled=&#8220;off&#8220; button_one_border_radius__hover_enabled=&#8220;off&#8220; button_two_border_radius__hover_enabled=&#8220;off&#8220; button_letter_spacing__hover_enabled=&#8220;off&#8220; button_one_letter_spacing__hover_enabled=&#8220;off&#8220; button_two_letter_spacing__hover_enabled=&#8220;off&#8220; button_bg_color__hover_enabled=&#8220;off&#8220; button_one_bg_color__hover_enabled=&#8220;off&#8220; button_two_bg_color__hover_enabled=&#8220;off&#8220;][\/et_pb_contact_field][et_pb_contact_field field_id=&#8220;datenschutz&#8220; field_title=&#8220;Datenschutzerkl\u00e4rung&#8220; field_type=&#8220;checkbox&#8220; checkbox_options=&#8220;%91{%22value%22:%22Ich erkl\u00e4re mich mit der Speicherung und Verarbeitung meiner Daten gem\u00e4\u00df der Datenschutzerkl\u00e4rung einverstanden.%22,%22checked%22:0,%22dragID%22:-1,%22link_url%22:%22\/dsk\/datenschutz%22,%22link_text%22:%22Datenschutzerkl\u00e4rung%22}%93&#8243; fullwidth_field=&#8220;on&#8220; _builder_version=&#8220;4.23.3&#8243; _module_preset=&#8220;default&#8220; custom_margin_tablet=&#8220;&#8220; custom_margin_phone=&#8220;|||10px|false|false&#8220; custom_margin_last_edited=&#8220;on|phone&#8220; custom_padding=&#8220;|||0px|false|false&#8220; border_width_all=&#8220;1px&#8220; border_color_all=&#8220;#dddddd&#8220; global_colors_info=&#8220;{}&#8220;][\/et_pb_contact_field][\/et_pb_contact_form][et_pb_code admin_label=&#8220;Custom CSS&#8220; _builder_version=&#8220;4.23.3&#8243; _module_preset=&#8220;default&#8220; global_colors_info=&#8220;{}&#8220;]<\/p>\n<style><!-- [et_pb_line_break_holder] --><!-- [et_pb_line_break_holder] -->.contact-box .et_contact_bottom_container {<!-- [et_pb_line_break_holder] --><!-- [et_pb_line_break_holder] -->    float: left;<!-- [et_pb_line_break_holder] -->  <!-- [et_pb_line_break_holder] -->}<!-- [et_pb_line_break_holder] --><!-- [et_pb_line_break_holder] --><\/style>\n<p><!-- [et_pb_line_break_holder] -->[\/et_pb_code][et_pb_blurb _builder_version=&#8220;4.23.3&#8243; _module_preset=&#8220;default&#8220; custom_margin=&#8220;70px||50px||false|false&#8220; border_width_bottom=&#8220;1px&#8220; border_color_bottom=&#8220;#cccccc&#8220; global_colors_info=&#8220;{}&#8220;][\/et_pb_blurb][et_pb_blurb title=&#8220;Sie m\u00f6chten direkt mit uns sprechen?&#8220; _builder_version=&#8220;4.23.3&#8243; _module_preset=&#8220;default&#8220; header_level=&#8220;h2&#8243; header_font=&#8220;Acumin-BDPRO|700|||||||&#8220; header_text_align=&#8220;center&#8220; header_font_size=&#8220;2.5rem&#8220; text_orientation=&#8220;center&#8220; custom_margin=&#8220;70px||||false|false&#8220; custom_padding=&#8220;40px||10px||false|false&#8220; header_font_size_tablet=&#8220;2rem&#8220; header_font_size_phone=&#8220;1.5rem&#8220; header_font_size_last_edited=&#8220;on|desktop&#8220; border_color_top=&#8220;#d6d6d6&#8243; border_color_bottom=&#8220;#c1c1c1&#8243; global_colors_info=&#8220;{}&#8220;][\/et_pb_blurb][et_pb_blurb _builder_version=&#8220;4.23.3&#8243; _module_preset=&#8220;default&#8220; header_font=&#8220;Acumin-RPRO||||||||&#8220; header_text_align=&#8220;center&#8220; body_font=&#8220;Acumin-RPRO||||||||&#8220; body_text_align=&#8220;center&#8220; body_text_color=&#8220;#808080&#8243; body_font_size=&#8220;1rem&#8220; body_line_height=&#8220;160%&#8220; text_orientation=&#8220;center&#8220; custom_margin=&#8220;||||false|false&#8220; custom_padding=&#8220;||30px||false|false&#8220; border_color_bottom=&#8220;#c1c1c1&#8243; global_colors_info=&#8220;{}&#8220;]<\/p>\n<p>Rufen Sie uns gerne unter <span style=\"color: #000000;\"><strong>07822 7894125<\/strong><\/span> an oder schreiben Sie uns einfach \u00fcber das Kontaktformular.<\/p>\n<p>[\/et_pb_blurb][\/et_pb_column][\/et_pb_row][\/et_pb_section]<\/p>\n","protected":false},"excerpt":{"rendered":"<p>Senden Sie uns Ihre Fragen oder Anliegen einfach \u00fcber unser Kontaktformular \u2013 wir helfen Ihnen schnell und kompetent weiter.Rufen Sie uns gerne unter 07822 7894125 an oder schreiben Sie uns einfach \u00fcber das Kontaktformular.<\/p>\n","protected":false},"author":1,"featured_media":0,"parent":0,"menu_order":0,"comment_status":"closed","ping_status":"closed","template":"","meta":{"_et_pb_use_builder":"on","_et_pb_old_content":"","_et_gb_content_width":"","footnotes":""},"class_list":["post-16","page","type-page","status-publish","hentry"],"yoast_head":"<!-- This site is optimized with the Yoast SEO plugin v25.4 - https:\/\/yoast.com\/wordpress\/plugins\/seo\/ -->\n<title>Kontakt - DSKappus<\/title>\n<meta name=\"description\" content=\"Schreinerei Kappus Ettenheim \u2013 Kontakt f\u00fcr Fenster, T\u00fcren, Garagentore &amp; Innenausbau. Pers\u00f6nliche Beratung vom Profi.\" \/>\n<meta name=\"robots\" content=\"index, follow, max-snippet:-1, max-image-preview:large, max-video-preview:-1\" \/>\n<link rel=\"canonical\" href=\"https:\/\/dev.horize.de\/dsk\/kontakt-schreinerei-kappus-ettenheim-fenster-tueren-innenausbau\/\" \/>\n<meta property=\"og:locale\" content=\"de_DE\" \/>\n<meta property=\"og:type\" content=\"article\" \/>\n<meta property=\"og:title\" content=\"Kontakt - DSKappus\" \/>\n<meta property=\"og:description\" content=\"Schreinerei Kappus Ettenheim \u2013 Kontakt f\u00fcr Fenster, T\u00fcren, Garagentore &amp; Innenausbau. Pers\u00f6nliche Beratung vom Profi.\" \/>\n<meta property=\"og:url\" content=\"https:\/\/dev.horize.de\/dsk\/kontakt-schreinerei-kappus-ettenheim-fenster-tueren-innenausbau\/\" \/>\n<meta property=\"og:site_name\" content=\"DSKappus\" \/>\n<meta property=\"article:modified_time\" content=\"2025-07-02T18:32:03+00:00\" \/>\n<meta name=\"twitter:card\" content=\"summary_large_image\" \/>\n<meta name=\"twitter:label1\" content=\"Gesch\u00e4tzte Lesezeit\" \/>\n\t<meta name=\"twitter:data1\" content=\"1\u00a0Minute\" \/>\n<script type=\"application\/ld+json\" class=\"yoast-schema-graph\">{\"@context\":\"https:\/\/schema.org\",\"@graph\":[{\"@type\":\"WebPage\",\"@id\":\"https:\/\/dev.horize.de\/dsk\/kontakt-schreinerei-kappus-ettenheim-fenster-tueren-innenausbau\/\",\"url\":\"https:\/\/dev.horize.de\/dsk\/kontakt-schreinerei-kappus-ettenheim-fenster-tueren-innenausbau\/\",\"name\":\"Kontakt - DSKappus\",\"isPartOf\":{\"@id\":\"https:\/\/dev.horize.de\/dsk\/#website\"},\"datePublished\":\"2025-03-14T20:51:58+00:00\",\"dateModified\":\"2025-07-02T18:32:03+00:00\",\"description\":\"Schreinerei Kappus Ettenheim \u2013 Kontakt f\u00fcr Fenster, T\u00fcren, Garagentore & Innenausbau. Pers\u00f6nliche Beratung vom Profi.\",\"breadcrumb\":{\"@id\":\"https:\/\/dev.horize.de\/dsk\/kontakt-schreinerei-kappus-ettenheim-fenster-tueren-innenausbau\/#breadcrumb\"},\"inLanguage\":\"de\",\"potentialAction\":[{\"@type\":\"ReadAction\",\"target\":[\"https:\/\/dev.horize.de\/dsk\/kontakt-schreinerei-kappus-ettenheim-fenster-tueren-innenausbau\/\"]}]},{\"@type\":\"BreadcrumbList\",\"@id\":\"https:\/\/dev.horize.de\/dsk\/kontakt-schreinerei-kappus-ettenheim-fenster-tueren-innenausbau\/#breadcrumb\",\"itemListElement\":[{\"@type\":\"ListItem\",\"position\":1,\"name\":\"Startseite\",\"item\":\"https:\/\/dev.horize.de\/dsk\/\"},{\"@type\":\"ListItem\",\"position\":2,\"name\":\"Kontakt\"}]},{\"@type\":\"WebSite\",\"@id\":\"https:\/\/dev.horize.de\/dsk\/#website\",\"url\":\"https:\/\/dev.horize.de\/dsk\/\",\"name\":\"DSKappus\",\"description\":\"\",\"publisher\":{\"@id\":\"https:\/\/dev.horize.de\/dsk\/#organization\"},\"potentialAction\":[{\"@type\":\"SearchAction\",\"target\":{\"@type\":\"EntryPoint\",\"urlTemplate\":\"https:\/\/dev.horize.de\/dsk\/?s={search_term_string}\"},\"query-input\":{\"@type\":\"PropertyValueSpecification\",\"valueRequired\":true,\"valueName\":\"search_term_string\"}}],\"inLanguage\":\"de\"},{\"@type\":\"Organization\",\"@id\":\"https:\/\/dev.horize.de\/dsk\/#organization\",\"name\":\"Dienstleistungen & Schreinerei Kappus\",\"url\":\"https:\/\/dev.horize.de\/dsk\/\",\"logo\":{\"@type\":\"ImageObject\",\"inLanguage\":\"de\",\"@id\":\"https:\/\/dev.horize.de\/dsk\/#\/schema\/logo\/image\/\",\"url\":\"https:\/\/dev.horize.de\/dsk\/wp-content\/uploads\/sites\/2\/2025\/03\/THOMAS-KAPPUS-SCHREINEREI-LOGO-NEU_farbig-1.png\",\"contentUrl\":\"https:\/\/dev.horize.de\/dsk\/wp-content\/uploads\/sites\/2\/2025\/03\/THOMAS-KAPPUS-SCHREINEREI-LOGO-NEU_farbig-1.png\",\"width\":2514,\"height\":1809,\"caption\":\"Dienstleistungen & Schreinerei Kappus\"},\"image\":{\"@id\":\"https:\/\/dev.horize.de\/dsk\/#\/schema\/logo\/image\/\"},\"sameAs\":[\"https:\/\/www.instagram.com\/tkappus_schreinerei\/\"]}]}<\/script>\n<!-- \/ Yoast SEO plugin. -->","yoast_head_json":{"title":"Kontakt - DSKappus","description":"Schreinerei Kappus Ettenheim \u2013 Kontakt f\u00fcr Fenster, T\u00fcren, Garagentore & Innenausbau. Pers\u00f6nliche Beratung vom Profi.","robots":{"index":"index","follow":"follow","max-snippet":"max-snippet:-1","max-image-preview":"max-image-preview:large","max-video-preview":"max-video-preview:-1"},"canonical":"https:\/\/dev.horize.de\/dsk\/kontakt-schreinerei-kappus-ettenheim-fenster-tueren-innenausbau\/","og_locale":"de_DE","og_type":"article","og_title":"Kontakt - DSKappus","og_description":"Schreinerei Kappus Ettenheim \u2013 Kontakt f\u00fcr Fenster, T\u00fcren, Garagentore & Innenausbau. Pers\u00f6nliche Beratung vom Profi.","og_url":"https:\/\/dev.horize.de\/dsk\/kontakt-schreinerei-kappus-ettenheim-fenster-tueren-innenausbau\/","og_site_name":"DSKappus","article_modified_time":"2025-07-02T18:32:03+00:00","twitter_card":"summary_large_image","twitter_misc":{"Gesch\u00e4tzte Lesezeit":"1\u00a0Minute"},"schema":{"@context":"https:\/\/schema.org","@graph":[{"@type":"WebPage","@id":"https:\/\/dev.horize.de\/dsk\/kontakt-schreinerei-kappus-ettenheim-fenster-tueren-innenausbau\/","url":"https:\/\/dev.horize.de\/dsk\/kontakt-schreinerei-kappus-ettenheim-fenster-tueren-innenausbau\/","name":"Kontakt - DSKappus","isPartOf":{"@id":"https:\/\/dev.horize.de\/dsk\/#website"},"datePublished":"2025-03-14T20:51:58+00:00","dateModified":"2025-07-02T18:32:03+00:00","description":"Schreinerei Kappus Ettenheim \u2013 Kontakt f\u00fcr Fenster, T\u00fcren, Garagentore & Innenausbau. Pers\u00f6nliche Beratung vom Profi.","breadcrumb":{"@id":"https:\/\/dev.horize.de\/dsk\/kontakt-schreinerei-kappus-ettenheim-fenster-tueren-innenausbau\/#breadcrumb"},"inLanguage":"de","potentialAction":[{"@type":"ReadAction","target":["https:\/\/dev.horize.de\/dsk\/kontakt-schreinerei-kappus-ettenheim-fenster-tueren-innenausbau\/"]}]},{"@type":"BreadcrumbList","@id":"https:\/\/dev.horize.de\/dsk\/kontakt-schreinerei-kappus-ettenheim-fenster-tueren-innenausbau\/#breadcrumb","itemListElement":[{"@type":"ListItem","position":1,"name":"Startseite","item":"https:\/\/dev.horize.de\/dsk\/"},{"@type":"ListItem","position":2,"name":"Kontakt"}]},{"@type":"WebSite","@id":"https:\/\/dev.horize.de\/dsk\/#website","url":"https:\/\/dev.horize.de\/dsk\/","name":"DSKappus","description":"","publisher":{"@id":"https:\/\/dev.horize.de\/dsk\/#organization"},"potentialAction":[{"@type":"SearchAction","target":{"@type":"EntryPoint","urlTemplate":"https:\/\/dev.horize.de\/dsk\/?s={search_term_string}"},"query-input":{"@type":"PropertyValueSpecification","valueRequired":true,"valueName":"search_term_string"}}],"inLanguage":"de"},{"@type":"Organization","@id":"https:\/\/dev.horize.de\/dsk\/#organization","name":"Dienstleistungen & Schreinerei Kappus","url":"https:\/\/dev.horize.de\/dsk\/","logo":{"@type":"ImageObject","inLanguage":"de","@id":"https:\/\/dev.horize.de\/dsk\/#\/schema\/logo\/image\/","url":"https:\/\/dev.horize.de\/dsk\/wp-content\/uploads\/sites\/2\/2025\/03\/THOMAS-KAPPUS-SCHREINEREI-LOGO-NEU_farbig-1.png","contentUrl":"https:\/\/dev.horize.de\/dsk\/wp-content\/uploads\/sites\/2\/2025\/03\/THOMAS-KAPPUS-SCHREINEREI-LOGO-NEU_farbig-1.png","width":2514,"height":1809,"caption":"Dienstleistungen & Schreinerei Kappus"},"image":{"@id":"https:\/\/dev.horize.de\/dsk\/#\/schema\/logo\/image\/"},"sameAs":["https:\/\/www.instagram.com\/tkappus_schreinerei\/"]}]}},"_links":{"self":[{"href":"https:\/\/dev.horize.de\/dsk\/wp-json\/wp\/v2\/pages\/16","targetHints":{"allow":["GET"]}}],"collection":[{"href":"https:\/\/dev.horize.de\/dsk\/wp-json\/wp\/v2\/pages"}],"about":[{"href":"https:\/\/dev.horize.de\/dsk\/wp-json\/wp\/v2\/types\/page"}],"author":[{"embeddable":true,"href":"https:\/\/dev.horize.de\/dsk\/wp-json\/wp\/v2\/users\/1"}],"replies":[{"embeddable":true,"href":"https:\/\/dev.horize.de\/dsk\/wp-json\/wp\/v2\/comments?post=16"}],"version-history":[{"count":116,"href":"https:\/\/dev.horize.de\/dsk\/wp-json\/wp\/v2\/pages\/16\/revisions"}],"predecessor-version":[{"id":2502,"href":"https:\/\/dev.horize.de\/dsk\/wp-json\/wp\/v2\/pages\/16\/revisions\/2502"}],"wp:attachment":[{"href":"https:\/\/dev.horize.de\/dsk\/wp-json\/wp\/v2\/media?parent=16"}],"curies":[{"name":"wp","href":"https:\/\/api.w.org\/{rel}","templated":true}]}}